{"id":2168,"date":"2026-02-12T12:46:58","date_gmt":"2026-02-12T12:46:58","guid":{"rendered":"https:\/\/kurabotanica.com\/curacao-urlaubspakete\/"},"modified":"2026-02-23T11:04:23","modified_gmt":"2026-02-23T11:04:23","slug":"curacao-urlaubspakete","status":"publish","type":"page","link":"https:\/\/kurabotanica.com\/de\/curacao-urlaubspakete\/","title":{"rendered":"Cura\u00e7ao-Urlaubspakete"},"content":{"rendered":"\n\t<section class=\"section\" id=\"section_1567164235\">\n\t\t<div class=\"section-bg fill\" >\n\t\t\t<img decoding=\"async\" width=\"1600\" height=\"1067\" src=\"https:\/\/kurabotanica.com\/wp-content\/uploads\/2025\/07\/Kura-Botanica-Hotel-Curacao-Superior-Junior-Suite-Balcony-9.webp\" class=\"bg attachment- size-\" alt=\"\" \/>\t\t\t\t\t\t<div class=\"section-bg-overlay absolute fill\"><\/div>\n\t\t\t\n\n\t\t<\/div>\n\n\t\t\n\n\t\t<div class=\"section-content relative\">\n\t\t\t\n<div class=\"row align-middle align-center\"  id=\"row-1305622819\">\n\n\t<div id=\"col-809785647\" class=\"col small-12 large-12\"  >\n\t\t\t\t<div class=\"col-inner\"  >\n\t\t\t\n\t\t\t\n\t<div id=\"text-3492211630\" class=\"text\">\n\t\t\n<h1 style=\"text-align: center;\"><span style=\"font-size: 300%;\">Cura\u00e7ao-Urlaubspakete<\/span><\/h1>\n\t\t\n<style>\n#text-3492211630 {\n  font-size: 2.2rem;\n  color: rgb(255,255,255);\n}\n#text-3492211630 > * {\n  color: rgb(255,255,255);\n}\n<\/style>\n\t<\/div>\n\t\n\t\t<\/div>\n\t\t\t\t\t<\/div>\n\n\t\n<\/div>\n\t\t<\/div>\n\n\t\t\n<style>\n#section_1567164235 {\n  padding-top: 80px;\n  padding-bottom: 80px;\n}\n#section_1567164235 .section-bg-overlay {\n  background-color: rgba(0, 0, 0, 0.593);\n}\n#section_1567164235 .section-bg img {\n  object-position: 39% 51%;\n}\n<\/style>\n\t<\/section>\n\t\n<div class=\"row align-center\"  id=\"row-1935973241\">\n\n\t<div id=\"col-18069757\" class=\"col medium-7 small-12 large-7\"  >\n\t\t\t\t<div class=\"col-inner\"  >\n\t\t\t\n\t\t\t\n<h2 style=\"text-align: center; font-weight: 300; font-size: 2.5rem; line-height: 3rem;\">Exklusive Auszeiten im Kura Botanica Hotel<\/h2>\n\t<div id=\"text-1806182557\" class=\"text\">\n\t\t\n<p>Entdecken Sie unsere sorgf\u00e4ltig zusammengestellten <strong>Cura\u00e7ao-Urlaubspakete<\/strong>, die Ihren Aufenthalt im Herzen des historischen <a href=\"\/\">Kura Hulanda Village <\/a>auf ein neues Niveau heben. Ob Sie eine romantische Auszeit, einen Wellness-R\u00fcckzug oder eine besondere Feier planen, das Kura Botanica Hotel bietet ma\u00dfgeschneiderte Erlebnisse, die Komfort, Charme und unvergessliche Inselmomente vereinen. <\/p>\n\t\t\n<style>\n#text-1806182557 {\n  text-align: center;\n}\n<\/style>\n\t<\/div>\n\t\n\t\t<\/div>\n\t\t\t\t\n<style>\n#col-18069757 > .col-inner {\n  margin: 20px 0px 0px 0px;\n}\n<\/style>\n\t<\/div>\n\n\t\n<\/div>\n<div class=\"row\"  id=\"row-1603750489\">\n\n\t<div id=\"col-1638018401\" class=\"col medium-4 small-12 large-4\"  >\n\t\t\t\t<div class=\"col-inner text-center box-shadow-1-hover\"  >\n\t\t\t\n\t\t\t\n\t<div class=\"img has-hover x md-x lg-x y md-y lg-y\" id=\"image_460917279\">\n\t\t<a class=\"\" href=\"https:\/\/kurabotanica.com\/de\/curacao-urlaubspakete\/romantisch\/\" >\t\t\t\t\t\t<div class=\"img-inner image-cover dark\" style=\"padding-top:100%;\">\n\t\t\t<img decoding=\"async\" width=\"740\" height=\"800\" src=\"https:\/\/kurabotanica.com\/wp-content\/uploads\/2026\/02\/romantic-package-curacao-hotel-kura-botanica-kura-villa-2-740x800.webp\" class=\"attachment-large size-large\" alt=\"romantic package curacao hotel kura botanica kura villa\" srcset=\"https:\/\/kurabotanica.com\/wp-content\/uploads\/2026\/02\/romantic-package-curacao-hotel-kura-botanica-kura-villa-2-740x800.webp 740w, https:\/\/kurabotanica.com\/wp-content\/uploads\/2026\/02\/romantic-package-curacao-hotel-kura-botanica-kura-villa-2-370x400.webp 370w, https:\/\/kurabotanica.com\/wp-content\/uploads\/2026\/02\/romantic-package-curacao-hotel-kura-botanica-kura-villa-2-768x830.webp 768w, https:\/\/kurabotanica.com\/wp-content\/uploads\/2026\/02\/romantic-package-curacao-hotel-kura-botanica-kura-villa-2.webp 900w\" sizes=\"(max-width: 740px) 100vw, 740px\" \/>\t\t\t\t\t\t\n\t\t\t\t\t<\/div>\n\t\t\t\t\t\t<\/a>\t\t\n<style>\n#image_460917279 {\n  width: 100%;\n}\n<\/style>\n\t<\/div>\n\t\n\t<div id=\"text-1289421807\" class=\"text\">\n\t\t\n<h2><span style=\"color: #000000;\"><a style=\"color: #000000;\" href=\"https:\/\/kurabotanica.com\/de\/curacao-urlaubspakete\/romantisch\/\">Romantikpaket auf Cura\u00e7ao<\/a><\/span><\/h2>\n\t\t\n<style>\n#text-1289421807 {\n  font-size: 1rem;\n  text-align: center;\n}\n@media (min-width:550px) {\n  #text-1289421807 {\n    font-size: 0.8rem;\n  }\n}\n<\/style>\n\t<\/div>\n\t\n\t<div id=\"text-3277002326\" class=\"text\">\n\t\t\n<p>Ab 130 USD pro Person pro Nacht<\/p>\n\t\t\n<style>\n#text-3277002326 {\n  text-align: center;\n}\n<\/style>\n\t<\/div>\n\t\n<a href=\"https:\/\/kurabotanica.com\/de\/curacao-urlaubspakete\/romantisch\/\" class=\"button primary\" >\n\t\t<span>Mehr erfahren<\/span>\n\t<\/a>\n\n\t\t<\/div>\n\t\t\t\t\n<style>\n#col-1638018401 > .col-inner {\n  margin: 0px 0px 0px 0px;\n}\n<\/style>\n\t<\/div>\n\n\t\n<\/div>\n\n\t<section class=\"section\" id=\"section_1173643062\">\n\t\t<div class=\"section-bg fill\" >\n\t\t\t\t\t\t\t\t\t\n\t\t\t\n\n\t\t<\/div>\n\n\t\t\n\n\t\t<div class=\"section-content relative\">\n\t\t\t\n<div class=\"row align-middle align-center\"  id=\"row-999180161\">\n\n\t<div id=\"col-290496879\" class=\"col medium-8 small-12 large-8\"  >\n\t\t\t\t<div class=\"col-inner\"  >\n\t\t\t\n\t\t\t\n<h2>Warum unsere Cura\u00e7ao-Urlaubspakete w\u00e4hlen?<\/h2>\n<p>Im Kura Botanica Hotel sind wir der Meinung, dass ein Urlaub <strong>mehr als nur ein Aufenthalt <\/strong>sein sollte. Unsere Pakete sind darauf ausgelegt: <\/p>\n<ul>\n<li>Verbessern Sie Ihr Erlebnis mit exklusiven Vorteilen<\/li>\n<li>Bietet einen Mehrwert gegen\u00fcber Standardbuchungen<\/li>\n<li>Schaffen Sie unvergessliche Momente in einer einzigartigen Umgebung<\/li>\n<li>Erm\u00f6glicht Ihnen v\u00f6llige Entspannung in unserer ruhigen botanischen Umgebung<\/li>\n<\/ul>\n<p>Im wundersch\u00f6n restaurierten <strong>Kura Hulanda Village<\/strong> gelegen, vereint unser Boutique-Hotel koloniale Architektur, \u00fcppige G\u00e4rten und ruhige R\u00fcckzugsorte \u2013 darunter unseren friedlichen Poolbereich und charmante Zimmer \u2013 und bietet somit die <strong>perfekte Basis f\u00fcr Ihren Cura\u00e7ao-Urlaub.<\/strong><\/p>\n\t\t<\/div>\n\t\t\t\t\t<\/div>\n\n\t\n\n\t<div id=\"col-674850602\" class=\"col medium-4 small-12 large-4\"  >\n\t\t\t\t<div class=\"col-inner\"  >\n\t\t\t\n\t\t\t\n\t<div class=\"img has-hover x md-x lg-x y md-y lg-y\" id=\"image_1001187121\">\n\t\t\t\t\t\t\t\t<div class=\"img-inner dark\" >\n\t\t\t<img decoding=\"async\" width=\"735\" height=\"800\" src=\"https:\/\/kurabotanica.com\/wp-content\/uploads\/2025\/04\/Kura-botanica-hotel-curacao-pool-735x800.webp\" class=\"attachment-large size-large\" alt=\"\" srcset=\"https:\/\/kurabotanica.com\/wp-content\/uploads\/2025\/04\/Kura-botanica-hotel-curacao-pool-735x800.webp 735w, https:\/\/kurabotanica.com\/wp-content\/uploads\/2025\/04\/Kura-botanica-hotel-curacao-pool-367x400.webp 367w, https:\/\/kurabotanica.com\/wp-content\/uploads\/2025\/04\/Kura-botanica-hotel-curacao-pool-768x836.webp 768w, https:\/\/kurabotanica.com\/wp-content\/uploads\/2025\/04\/Kura-botanica-hotel-curacao-pool.webp 1080w\" sizes=\"(max-width: 735px) 100vw, 735px\" \/>\t\t\t\t\t\t\n\t\t\t\t\t<\/div>\n\t\t\t\t\t\t\t\t\n<style>\n#image_1001187121 {\n  width: 93%;\n}\n<\/style>\n\t<\/div>\n\t\n\t\t<\/div>\n\t\t\t\t\t<\/div>\n\n\t\n<\/div>\n\t\t<\/div>\n\n\t\t\n<style>\n#section_1173643062 {\n  padding-top: 30px;\n  padding-bottom: 30px;\n}\n<\/style>\n\t<\/section>\n\t\n\n\t<section class=\"section\" id=\"section_1153185397\">\n\t\t<div class=\"section-bg fill\" >\n\t\t\t\t\t\t\t\t\t\n\t\t\t\n\n\t\t<\/div>\n\n\t\t\n\n\t\t<div class=\"section-content relative\">\n\t\t\t\n\n\t<div id=\"gap-1549987715\" class=\"gap-element clearfix\" style=\"display:block; height:auto;\">\n\t\t\n<style>\n#gap-1549987715 {\n  padding-top: 3rem;\n}\n<\/style>\n\t<\/div>\n\t\n\n<div class=\"row row-collapse align-middle align-center\"  id=\"row-108422513\">\n\n\n\t<div id=\"col-39471400\" class=\"col small-12 large-12\"  >\n\t\t\t\t<div class=\"col-inner text-center\"  >\n\t\t\t\n\t\t\t\n\n\t<div id=\"text-1062493507\" class=\"text\">\n\t\t\n\n<p style=\"color:#cd837a;\">Kura Botanica Hotel Cura\u00e7ao  <\/p>\n<p style=\"font-family:New Spirit;font-size:2.5rem; line-height:2.5rem; margin:1.5rem;\">Wir freuen uns, Sie unter<\/br> begr\u00fc\u00dfen zu d\u00fcrfen.<\/p>\n\t\t\n<style>\n#text-1062493507 {\n  color: rgb(0,0,0);\n}\n#text-1062493507 > * {\n  color: rgb(0,0,0);\n}\n<\/style>\n\t<\/div>\n\t\n\t<div id=\"gap-596452277\" class=\"gap-element clearfix\" style=\"display:block; height:auto;\">\n\t\t\n<style>\n#gap-596452277 {\n  padding-top: 20px;\n}\n<\/style>\n\t<\/div>\n\t\n\n<p><a data-clock-pms-wbe-button class=\"button alert\"><span>BUCHEN SIE IHREN AUFENTHALT NOCH HEUTE<\/span><\/a><\/p>\n\n\n\t\t<\/div>\n\t\t\t\t\t<\/div>\n\n\t\n\n<\/div>\n\n\t\t<\/div>\n\n\t\t\n<style>\n#section_1153185397 {\n  padding-top: 30px;\n  padding-bottom: 30px;\n}\n<\/style>\n\t<\/section>\n\t\n","protected":false},"excerpt":{"rendered":"","protected":false},"author":4,"featured_media":2089,"parent":0,"menu_order":0,"comment_status":"closed","ping_status":"closed","template":"page-blank.php","meta":{"footnotes":""},"class_list":["post-2168","page","type-page","status-publish","has-post-thumbnail","hentry"],"_links":{"self":[{"href":"https:\/\/kurabotanica.com\/de\/wp-json\/wp\/v2\/pages\/2168","targetHints":{"allow":["GET"]}}],"collection":[{"href":"https:\/\/kurabotanica.com\/de\/wp-json\/wp\/v2\/pages"}],"about":[{"href":"https:\/\/kurabotanica.com\/de\/wp-json\/wp\/v2\/types\/page"}],"author":[{"embeddable":true,"href":"https:\/\/kurabotanica.com\/de\/wp-json\/wp\/v2\/users\/4"}],"replies":[{"embeddable":true,"href":"https:\/\/kurabotanica.com\/de\/wp-json\/wp\/v2\/comments?post=2168"}],"version-history":[{"count":0,"href":"https:\/\/kurabotanica.com\/de\/wp-json\/wp\/v2\/pages\/2168\/revisions"}],"wp:featuredmedia":[{"embeddable":true,"href":"https:\/\/kurabotanica.com\/de\/wp-json\/wp\/v2\/media\/2089"}],"wp:attachment":[{"href":"https:\/\/kurabotanica.com\/de\/wp-json\/wp\/v2\/media?parent=2168"}],"curies":[{"name":"wp","href":"https:\/\/api.w.org\/{rel}","templated":true}]}}