{"id":2191,"date":"2026-02-06T09:47:58","date_gmt":"2026-02-06T09:47:58","guid":{"rendered":"https:\/\/kurabotanica.com\/curacao-urlaubspakete\/romantisch\/"},"modified":"2026-02-23T11:04:23","modified_gmt":"2026-02-23T11:04:23","slug":"romantisch","status":"publish","type":"page","link":"https:\/\/kurabotanica.com\/de\/curacao-urlaubspakete\/romantisch\/","title":{"rendered":"Romantikpaket auf Cura\u00e7ao"},"content":{"rendered":"\n\t<section class=\"section\" id=\"section_1073973487\">\n\t\t<div class=\"section-bg fill\" >\n\t\t\t\t\t\t\t\t\t<div class=\"section-bg-overlay absolute fill\"><\/div>\n\t\t\t\n\n\t\t<\/div>\n\n\t\t\n\n\t\t<div class=\"section-content relative\">\n\t\t\t\n<div class=\"row row-large align-middle\" style=\"max-width:1400px\" id=\"row-713089376\">\n\n\t<div id=\"col-439209408\" class=\"col medium-6 small-12 large-6\"  >\n\t\t\t\t<div class=\"col-inner\"  >\n\t\t\t\n\t\t\t\n<div class=\"slider-wrapper relative\" id=\"slider-476655639\" >\n    <div class=\"slider slider-nav-dots-dashes-spaced slider-nav-simple slider-nav-large slider-nav-dark slider-style-normal\"\n        data-flickity-options='{\n            \"cellAlign\": \"center\",\n            \"imagesLoaded\": true,\n            \"lazyLoad\": 1,\n            \"freeScroll\": false,\n            \"wrapAround\": true,\n            \"autoPlay\": 4000,\n            \"pauseAutoPlayOnHover\" : true,\n            \"prevNextButtons\": true,\n            \"contain\" : true,\n            \"adaptiveHeight\" : true,\n            \"dragThreshold\" : 10,\n            \"percentPosition\": true,\n            \"pageDots\": true,\n            \"rightToLeft\": false,\n            \"draggable\": true,\n            \"selectedAttraction\": 0.1,\n            \"parallax\" : 0,\n            \"friction\": 0.6        }'\n        >\n        \n\t<div class=\"img has-hover x md-x lg-x y md-y lg-y\" id=\"image_1891357370\">\n\t\t\t\t\t\t\t\t<div class=\"img-inner image-cover dark\" style=\"padding-top:100%;\">\n\t\t\t<img decoding=\"async\" width=\"740\" height=\"800\" src=\"https:\/\/kurabotanica.com\/wp-content\/uploads\/2026\/02\/romantic-package-curacao-hotel-kura-botanica-kura-villa-2-740x800.webp\" class=\"attachment-large size-large\" alt=\"romantic package curacao hotel kura botanica kura villa\" srcset=\"https:\/\/kurabotanica.com\/wp-content\/uploads\/2026\/02\/romantic-package-curacao-hotel-kura-botanica-kura-villa-2-740x800.webp 740w, https:\/\/kurabotanica.com\/wp-content\/uploads\/2026\/02\/romantic-package-curacao-hotel-kura-botanica-kura-villa-2-370x400.webp 370w, https:\/\/kurabotanica.com\/wp-content\/uploads\/2026\/02\/romantic-package-curacao-hotel-kura-botanica-kura-villa-2-768x830.webp 768w, https:\/\/kurabotanica.com\/wp-content\/uploads\/2026\/02\/romantic-package-curacao-hotel-kura-botanica-kura-villa-2.webp 900w\" sizes=\"(max-width: 740px) 100vw, 740px\" \/>\t\t\t\t\t\t\n\t\t\t\t\t<\/div>\n\t\t\t\t\t\t\t\t\n<style>\n#image_1891357370 {\n  width: 100%;\n}\n<\/style>\n\t<\/div>\n\t\n\t<div class=\"img has-hover x md-x lg-x y md-y lg-y\" id=\"image_672266073\">\n\t\t\t\t\t\t\t\t<div class=\"img-inner image-cover dark\" style=\"padding-top:100%;\">\n\t\t\t<img decoding=\"async\" width=\"844\" height=\"1350\" src=\"https:\/\/kurabotanica.com\/wp-content\/uploads\/2025\/04\/Kura-botanica-hotel-curacao-pool-4.webp\" class=\"attachment-original size-original\" alt=\"\" srcset=\"https:\/\/kurabotanica.com\/wp-content\/uploads\/2025\/04\/Kura-botanica-hotel-curacao-pool-4.webp 844w, https:\/\/kurabotanica.com\/wp-content\/uploads\/2025\/04\/Kura-botanica-hotel-curacao-pool-4-250x400.webp 250w, https:\/\/kurabotanica.com\/wp-content\/uploads\/2025\/04\/Kura-botanica-hotel-curacao-pool-4-500x800.webp 500w, https:\/\/kurabotanica.com\/wp-content\/uploads\/2025\/04\/Kura-botanica-hotel-curacao-pool-4-768x1228.webp 768w\" sizes=\"(max-width: 844px) 100vw, 844px\" \/>\t\t\t\t\t\t\n\t\t\t\t\t<\/div>\n\t\t\t\t\t\t\t\t\n<style>\n#image_672266073 {\n  width: 100%;\n}\n<\/style>\n\t<\/div>\n\t\n\t<div class=\"img has-hover x md-x lg-x y md-y lg-y\" id=\"image_280026274\">\n\t\t\t\t\t\t\t\t<div class=\"img-inner image-cover dark\" style=\"padding-top:100%;\">\n\t\t\t<img decoding=\"async\" width=\"1080\" height=\"1172\" src=\"https:\/\/kurabotanica.com\/wp-content\/uploads\/2026\/02\/romantic-package-curacao-hotel-kura-botanica-kura-villa.webp\" class=\"attachment-original size-original\" alt=\"\" srcset=\"https:\/\/kurabotanica.com\/wp-content\/uploads\/2026\/02\/romantic-package-curacao-hotel-kura-botanica-kura-villa.webp 1080w, https:\/\/kurabotanica.com\/wp-content\/uploads\/2026\/02\/romantic-package-curacao-hotel-kura-botanica-kura-villa-369x400.webp 369w, https:\/\/kurabotanica.com\/wp-content\/uploads\/2026\/02\/romantic-package-curacao-hotel-kura-botanica-kura-villa-737x800.webp 737w, https:\/\/kurabotanica.com\/wp-content\/uploads\/2026\/02\/romantic-package-curacao-hotel-kura-botanica-kura-villa-768x833.webp 768w\" sizes=\"(max-width: 1080px) 100vw, 1080px\" \/>\t\t\t\t\t\t\n\t\t\t\t\t<\/div>\n\t\t\t\t\t\t\t\t\n<style>\n#image_280026274 {\n  width: 100%;\n}\n<\/style>\n\t<\/div>\n\t\n\t<div class=\"img has-hover x md-x lg-x y md-y lg-y\" id=\"image_321487385\">\n\t\t\t\t\t\t\t\t<div class=\"img-inner image-cover dark\" style=\"padding-top:100%;\">\n\t\t\t<img decoding=\"async\" width=\"1600\" height=\"1067\" src=\"https:\/\/kurabotanica.com\/wp-content\/uploads\/2025\/07\/Kura-Botanica-Hotel-Curacao-Superior-Junior-Suite-Balcony-9.webp\" class=\"attachment-original size-original\" alt=\"\" srcset=\"https:\/\/kurabotanica.com\/wp-content\/uploads\/2025\/07\/Kura-Botanica-Hotel-Curacao-Superior-Junior-Suite-Balcony-9.webp 1600w, https:\/\/kurabotanica.com\/wp-content\/uploads\/2025\/07\/Kura-Botanica-Hotel-Curacao-Superior-Junior-Suite-Balcony-9-600x400.webp 600w, https:\/\/kurabotanica.com\/wp-content\/uploads\/2025\/07\/Kura-Botanica-Hotel-Curacao-Superior-Junior-Suite-Balcony-9-1200x800.webp 1200w, https:\/\/kurabotanica.com\/wp-content\/uploads\/2025\/07\/Kura-Botanica-Hotel-Curacao-Superior-Junior-Suite-Balcony-9-768x512.webp 768w, https:\/\/kurabotanica.com\/wp-content\/uploads\/2025\/07\/Kura-Botanica-Hotel-Curacao-Superior-Junior-Suite-Balcony-9-1536x1024.webp 1536w\" sizes=\"(max-width: 1600px) 100vw, 1600px\" \/>\t\t\t\t\t\t\n\t\t\t\t\t<\/div>\n\t\t\t\t\t\t\t\t\n<style>\n#image_321487385 {\n  width: 100%;\n}\n<\/style>\n\t<\/div>\n\t\n     <\/div>\n\n     <div class=\"loading-spin dark large centered\"><\/div>\n\n\t<\/div>\n\n\n\t\t<\/div>\n\t\t\t\t\t<\/div>\n\n\t\n\n\t<div id=\"col-1922973424\" class=\"col medium-6 small-12 large-6\"  >\n\t\t\t\t<div class=\"col-inner text-left\"  >\n\t\t\t\n\t\t\t\n\t<div id=\"text-1298794343\" class=\"text nomargin\">\n\t\t\n<p><a href=\"https:\/\/kurabotanica.com\/de\/curacao-urlaubspakete\/\">Cura\u00e7ao-Urlaubspakete<\/a><br \/>\n\t\t\n<style>\n#text-1298794343 {\n  font-size: 0.75rem;\n  line-height: 1.2;\n  text-align: center;\n  color: rgb(0,0,0);\n}\n#text-1298794343 > * {\n  color: rgb(0,0,0);\n}\n@media (min-width:550px) {\n  #text-1298794343 {\n    line-height: 0.8;\n    text-align: left;\n  }\n}\n<\/style>\n\t<\/div>\n\t\n\t<div id=\"text-143896186\" class=\"text\">\n\t\t\n<h6>Eine zeitlose Auszeit f\u00fcr zwei<\/h6>\n\t\t\n<style>\n#text-143896186 {\n  font-size: 1.15rem;\n  line-height: 0.9;\n  text-align: center;\n  color: #cd837a;\n}\n#text-143896186 > * {\n  color: #cd837a;\n}\n@media (min-width:550px) {\n  #text-143896186 {\n    font-size: 1.2rem;\n    text-align: left;\n  }\n}\n<\/style>\n\t<\/div>\n\t\n\t<div id=\"gap-504026429\" class=\"gap-element clearfix\" style=\"display:block; height:auto;\">\n\t\t\n<style>\n#gap-504026429 {\n  padding-top: 10px;\n}\n<\/style>\n\t<\/div>\n\t\n\t<div id=\"text-581270506\" class=\"text\">\n\t\t\n<h1><strong><span style=\"font-size: 180%;\">Romantikpaket auf Cura\u00e7ao<\/span><\/strong><\/h1>\n\t\t\n<style>\n#text-581270506 {\n  font-size: 1.55rem;\n  text-align: center;\n  color: rgb(0,0,0);\n}\n#text-581270506 > * {\n  color: rgb(0,0,0);\n}\n@media (min-width:550px) {\n  #text-581270506 {\n    font-size: 2.55rem;\n    text-align: left;\n  }\n}\n<\/style>\n\t<\/div>\n\t\n\t<div id=\"text-2191854646\" class=\"text\">\n\t\t\n<p><span style=\"font-size: 90%;\">Ab <span style=\"font-size: 220%;\">130 <\/span>usd pro Person und Nacht<\/span><br \/>\n\t\t\n<style>\n#text-2191854646 {\n  text-align: center;\n  color: rgb(0,0,0);\n}\n#text-2191854646 > * {\n  color: rgb(0,0,0);\n}\n@media (min-width:550px) {\n  #text-2191854646 {\n    text-align: left;\n  }\n}\n<\/style>\n\t<\/div>\n\t\n<div class=\"row\"  id=\"row-507509715\">\n\n\t<div id=\"col-774797786\" class=\"col medium-8 small-12 large-8\"  >\n\t\t\t\t<div class=\"col-inner\"  >\n\t\t\t\n\t\t\t\n<a href=\"https:\/\/kurabotanica.com\/romantic-package-in-curacao?clock-pms-wbe=%3Frate_ids%3D756598%252C756958%252C757259%252C756594%252C756954%252C757255%252C756596%252C756956%252C757257%252C756603%252C756963%26submit%3Dtrue%26adults%3D2\" class=\"button secondary expand\" >\n\t<i class=\"icon-angle-right\" aria-hidden=\"true\"><\/i>\t<span>Jetzt buchen<\/span>\n\t<\/a>\n\n\t\t<\/div>\n\t\t\t\t\n<style>\n#col-774797786 > .col-inner {\n  padding: 0px 0px 0px 0px;\n  margin: 0px 0px -30px 0px;\n}\n<\/style>\n\t<\/div>\n\n\t\n<\/div>\n\t<div id=\"gap-1536316060\" class=\"gap-element clearfix\" style=\"display:block; height:auto;\">\n\t\t\n<style>\n#gap-1536316060 {\n  padding-top: 15px;\n}\n<\/style>\n\t<\/div>\n\t\n\t<div id=\"text-1390281987\" class=\"text\">\n\t\t\n<p>Feiern Sie die Liebe im Herzen von Cura\u00e7ao mit unserem exklusiven <strong>Romantik-Paket<\/strong>, speziell f\u00fcr Paare, die N\u00e4he, Entspannung und unvergessliche gemeinsame Momente suchen. Eingebettet in die \u00fcppige Umgebung und den historischen Charme des <a href=\"\/\">Kura Botanica Hotels<\/a>, ist dieses <strong>romantische Refugium<\/strong> die perfekte Gelegenheit, wieder zueinander zu finden und sich zu verw\u00f6hnen. <\/p>\n<p>Egal, ob Sie Ihre Flitterwochen, einen Jahrestag oder einen spontanen romantischen Kurzurlaub planen , unser <strong>Romantik-Paket auf Cura\u00e7ao<\/strong> bietet alles, was Sie f\u00fcr einen ganz besonderen Aufenthalt ben\u00f6tigen.<br \/>\n\t\t\n<style>\n#text-1390281987 {\n  line-height: 1.4;\n}\n<\/style>\n\t<\/div>\n\t\n\t\t<\/div>\n\t\t\t\t\n<style>\n#col-1922973424 > .col-inner {\n  padding: 0px 0px 0px 0px;\n  margin: -10px 0px 0px 0px;\n}\n<\/style>\n\t<\/div>\n\n\t\n\n<style>\n#row-713089376 > .col > .col-inner {\n  padding: 20px 0px 0px 0px;\n}\n@media (min-width:550px) {\n  #row-713089376 > .col > .col-inner {\n    padding: 30px 0px 0px 0px;\n  }\n}\n<\/style>\n<\/div>\n\t\t<\/div>\n\n\t\t\n<style>\n#section_1073973487 {\n  padding-top: 0px;\n  padding-bottom: 0px;\n  background-color: rgb(193, 193, 193);\n}\n#section_1073973487 .section-bg-overlay {\n  background-color: rgba(255, 255, 255, 0.85);\n}\n<\/style>\n\t<\/section>\n\t\n\n\t<section class=\"section\" id=\"section_650929740\">\n\t\t<div class=\"section-bg fill\" >\n\t\t\t\t\t\t\t\t\t<div class=\"section-bg-overlay absolute fill\"><\/div>\n\t\t\t\n\n\t\t<\/div>\n\n\t\t\n\n\t\t<div class=\"section-content relative\">\n\t\t\t\n<div class=\"row row-large align-center\"  id=\"row-107222185\">\n\n\t<div id=\"col-1642968422\" class=\"col small-12 large-12\"  >\n\t\t\t\t<div class=\"col-inner text-left\"  >\n\t\t\t\n\t\t\t\n<div class=\"is-divider divider clearfix\" style=\"max-width:50px;\"><\/div>\n\t<div id=\"text-2064391336\" class=\"text\">\n\t\t\n<h2>Was in unserem Romantik-Paket enthalten ist<\/h2>\n\t\t\n<style>\n#text-2064391336 {\n  text-align: left;\n}\n<\/style>\n\t<\/div>\n\t\n\t<div id=\"text-782036017\" class=\"text\">\n\t\t\n<p><strong>Fr\u00fchst\u00fcck f\u00fcr Zwei<\/strong><br \/>\nStarten Sie entspannt in den Tag und genie\u00dfen Sie ein k\u00f6stliches Fr\u00fchst\u00fcck f\u00fcr zwei, serviert in einer ruhigen und intimen Atmosph\u00e4re.<\/p>\n<p><strong>Massage f\u00fcr Zwei<\/strong><br \/>\nEntspannen Sie gemeinsam bei einer wohltuenden Paarmassage, die K\u00f6rper und Geist in perfekter Harmonie zur Ruhe bringt.<\/p>\n<p><strong>Rosenbl\u00e4tter auf dem Bett<\/strong><br \/>\nKehren Sie in Ihr Zimmer zur\u00fcck und werden Sie von einem romantischen Ambiente mit Rosenbl\u00e4ttern empfangen, das eine unvergessliche Atmosph\u00e4re schafft.<\/p>\n<p><strong>Sp\u00e4ter Check-out<\/strong><br \/>\nDenn besondere Momente sollten nicht gehetzt werden. Genie\u00dfen Sie gemeinsame Zeit mit einem kostenlosen sp\u00e4ten Check-out. <\/p>\n<p><strong>Willkommensgetr\u00e4nk<\/strong><br \/>\nStarten Sie Ihren romantischen Aufenthalt mit einem erfrischenden Willkommensgetr\u00e4nk bei Ihrer Ankunft.<\/p>\n<p>Unser <strong>Romantik-Paket auf Cura\u00e7ao <\/strong>ist f\u00fcr <strong>Aufenthalte von 2 bis 4 N\u00e4chten<\/strong> verf\u00fcgbar und gibt Ihnen die Freiheit, Ihre gemeinsame Zeit ganz nach Ihrem eigenen Tempo zu genie\u00dfen \u2013 egal, ob Sie einen kurzen romantischen Ausflug oder einen l\u00e4ngeren, genussvollen R\u00fcckzugsort planen.<br \/>\n\t\t\n<style>\n#text-782036017 {\n  text-align: left;\n}\n<\/style>\n\t<\/div>\n\t\n<a href=\"https:\/\/kurabotanica.com\/romantic-package-in-curacao?clock-pms-wbe=%3Frate_ids%3D756598%252C756958%252C757259%252C756594%252C756954%252C757255%252C756596%252C756956%252C757257%252C756603%252C756963%26submit%3Dtrue%26adults%3D2\" class=\"button secondary\" >\n\t<i class=\"icon-angle-right\" aria-hidden=\"true\"><\/i>\t<span>Jetzt buchen<\/span>\n\t<\/a>\n\n\t\t<\/div>\n\t\t\t\t\t<\/div>\n\n\t\n\n\t<div id=\"col-1427760549\" class=\"col medium-6 small-12 large-6\"  >\n\t\t\t\t<div class=\"col-inner text-center\"  >\n\t\t\t\n\t\t\t\n\t<div class=\"img has-hover x md-x lg-x y md-y lg-y\" id=\"image_1555184073\">\n\t\t\t\t\t\t\t\t<div class=\"img-inner image-cover dark\" style=\"padding-top:60%;\">\n\t\t\t<img decoding=\"async\" width=\"737\" height=\"800\" src=\"https:\/\/kurabotanica.com\/wp-content\/uploads\/2026\/02\/romantic-package-curacao-hotel-kura-botanica-kura-villa-737x800.webp\" class=\"attachment-large size-large\" alt=\"\" srcset=\"https:\/\/kurabotanica.com\/wp-content\/uploads\/2026\/02\/romantic-package-curacao-hotel-kura-botanica-kura-villa-737x800.webp 737w, https:\/\/kurabotanica.com\/wp-content\/uploads\/2026\/02\/romantic-package-curacao-hotel-kura-botanica-kura-villa-369x400.webp 369w, https:\/\/kurabotanica.com\/wp-content\/uploads\/2026\/02\/romantic-package-curacao-hotel-kura-botanica-kura-villa-768x833.webp 768w, https:\/\/kurabotanica.com\/wp-content\/uploads\/2026\/02\/romantic-package-curacao-hotel-kura-botanica-kura-villa.webp 1080w\" sizes=\"(max-width: 737px) 100vw, 737px\" \/>\t\t\t\t\t\t\n\t\t\t\t\t<\/div>\n\t\t\t\t\t\t\t\t\n<style>\n#image_1555184073 {\n  width: 100%;\n}\n<\/style>\n\t<\/div>\n\t\n\t<div id=\"text-3278203377\" class=\"text\">\n\t\t\n<h2>Eine Massage f\u00fcr Zwei<\/h2>\n<p>Verbinden Sie sich wieder und entspannen Sie sich bei einer <strong>entspannenden Paarmassage<\/strong>, die darauf ausgelegt ist, Verspannungen zu l\u00f6sen und das Gleichgewicht in einer ruhigen, intimen Umgebung wiederherzustellen. Ein geteilter Moment purer Entspannung, perfekt f\u00fcr Ihr romantisches Refugium.<br \/>\n\t\t\n<style>\n#text-3278203377 {\n  text-align: left;\n}\n<\/style>\n\t<\/div>\n\t\n\t\t<\/div>\n\t\t\t\t\t<\/div>\n\n\t\n\n\t<div id=\"col-355201796\" class=\"col medium-6 small-12 large-6\"  >\n\t\t\t\t<div class=\"col-inner text-center\"  >\n\t\t\t\n\t\t\t\n\t<div class=\"img has-hover x md-x lg-x y md-y lg-y\" id=\"image_497855204\">\n\t\t\t\t\t\t\t\t<div class=\"img-inner image-cover dark\" style=\"padding-top:60%;\">\n\t\t\t<img decoding=\"async\" width=\"796\" height=\"800\" src=\"https:\/\/kurabotanica.com\/wp-content\/uploads\/2026\/02\/romantic-package-curacao-hotel-kura-botanica-kura-villa-3-796x800.webp\" class=\"attachment-large size-large\" alt=\"\" srcset=\"https:\/\/kurabotanica.com\/wp-content\/uploads\/2026\/02\/romantic-package-curacao-hotel-kura-botanica-kura-villa-3-796x800.webp 796w, https:\/\/kurabotanica.com\/wp-content\/uploads\/2026\/02\/romantic-package-curacao-hotel-kura-botanica-kura-villa-3-398x400.webp 398w, https:\/\/kurabotanica.com\/wp-content\/uploads\/2026\/02\/romantic-package-curacao-hotel-kura-botanica-kura-villa-3-280x280.webp 280w, https:\/\/kurabotanica.com\/wp-content\/uploads\/2026\/02\/romantic-package-curacao-hotel-kura-botanica-kura-villa-3-768x771.webp 768w, https:\/\/kurabotanica.com\/wp-content\/uploads\/2026\/02\/romantic-package-curacao-hotel-kura-botanica-kura-villa-3.webp 900w\" sizes=\"(max-width: 796px) 100vw, 796px\" \/>\t\t\t\t\t\t\n\t\t\t\t\t<\/div>\n\t\t\t\t\t\t\t\t\n<style>\n#image_497855204 {\n  width: 100%;\n}\n<\/style>\n\t<\/div>\n\t\n\t<div id=\"text-3406946759\" class=\"text\">\n\t\t\n<h2>Im Herzen des Kura Hulanda Village<\/h2>\n<p>Ihr romantischer Aufenthalt findet im ikonischen<strong> Kura Hulanda Village <\/strong>statt, einem liebevoll restaurierten historischen Viertel in Willemstad, in dem Kultur, Geschichte und tropische Eleganz aufeinandertreffen. Kopfsteinpflasterstra\u00dfen, koloniale Architektur und \u00fcppige G\u00e4rten schaffen eine wahrhaft magische Kulisse f\u00fcr Paare.<br \/>\n\t\t\n<style>\n#text-3406946759 {\n  text-align: left;\n}\n<\/style>\n\t<\/div>\n\t\n\t\t<\/div>\n\t\t\t\t\t<\/div>\n\n\t\n\n<style>\n#row-107222185 > .col > .col-inner {\n  padding: 0px 0px 0px 0px;\n}\n<\/style>\n<\/div>\n<div class=\"text-center\"><div class=\"is-divider divider clearfix\" ><\/div><\/div>\n\n\t<section class=\"section\" id=\"section_1856546551\">\n\t\t<div class=\"section-bg fill\" >\n\t\t\t\t\t\t\t\t\t\n\t\t\t\n\n\t\t<\/div>\n\n\t\t\n\n\t\t<div class=\"section-content relative\">\n\t\t\t\n\n<div class=\"row align-middle\"  id=\"row-656262197\">\n\n\n\t<div id=\"col-1847711497\" class=\"col medium-6 small-12 large-6\"  >\n\t\t\t\t<div class=\"col-inner\"  >\n\t\t\t\n\t\t\t\n\n\t<div class=\"img has-hover x md-x lg-x y md-y lg-y\" id=\"image_1759312812\">\n\t\t\t\t\t\t\t\t<div class=\"img-inner image-cover dark\" style=\"padding-top:100%;\">\n\t\t\t<img decoding=\"async\" width=\"698\" height=\"711\" src=\"https:\/\/kurabotanica.com\/wp-content\/uploads\/2026\/02\/kura-botanica-map-1.webp\" class=\"attachment-large size-large\" alt=\"\" srcset=\"https:\/\/kurabotanica.com\/wp-content\/uploads\/2026\/02\/kura-botanica-map-1.webp 698w, https:\/\/kurabotanica.com\/wp-content\/uploads\/2026\/02\/kura-botanica-map-1-393x400.webp 393w\" sizes=\"(max-width: 698px) 100vw, 698px\" \/>\t\t\t\t\t\t\n\t\t\t\t\t<\/div>\n\t\t\t\t\t\t\t\t\n<style>\n#image_1759312812 {\n  width: 100%;\n}\n<\/style>\n\t<\/div>\n\t\n\n\n\t\t<\/div>\n\t\t\t\t\t<\/div>\n\n\t\n\n\t<div id=\"col-745544352\" class=\"col medium-6 small-12 large-6\"  >\n\t\t\t\t<div class=\"col-inner\"  >\n\t\t\t\n\t\t\t\n\n<h5 style=\"color: #cd837a; font-weight: 300;\">Im Historischen Herzen von Cura\u00e7ao<\/h5>\n<h2>Wo kolonialer Charme, lebendige Kultur und tropische Ruhe zusammenkommen<\/h2>\n<p>Im ikonischen <strong><a href=\"https:\/\/www.kurahulandavillage.com\/\" target=\"_blank\" rel=\"noopener\">Kura Hulanda Village<\/a><\/strong> gelegen, genie\u00dft Kura Botanica Hotel eine der einzigartigsten und <strong>authentischsten Lagen der Insel<\/strong>. Dieses wundersch\u00f6n restaurierte historische Viertel verbindet Kopfsteinpflasterstra\u00dfen, karibische Kolonialarchitektur und \u00fcppige tropische G\u00e4rten und schafft so eine intime Umgebung voller Charakter und Charme. <\/p>\n<p>Nur wenige Schritte vom Zentrum von Willemstad, einem <strong>UNESCO-Weltkulturerbe<\/strong>, entfernt, bietet das Hotel einfachen Zugang zu Boutiquen, Kunstgalerien, gehobener Gastronomie und dem lebendigen kulturellen Leben der Stadt\u2014w\u00e4hrend es gleichzeitig ein ruhiger R\u00fcckzugsort abseits der Menschenmassen bleibt.<\/p>\n<p>Entdecken Sie die Eleganz unserer<a href=\"https:\/\/kurabotanica.com\/de\/zimmer\/\" target=\"_blank\" rel=\"noopener\"> Boutique-Zimmer<\/a>, genie\u00dfen Sie unsere <a href=\"https:\/\/kurabotanica.com\/de\/curacao-urlaubspakete\/\">exklusiven Pakete<\/a> und planen Sie Ihre Ausfl\u00fcge mit unserem <a href=\"https:\/\/kurabotanica.com\/de\/blog\/\">Cura\u00e7ao Reisef\u00fchrer<\/a> f\u00fcr die besten Sehensw\u00fcrdigkeiten und Aktivit\u00e4ten auf der Insel.<\/p>\n\n\t\t<\/div>\n\t\t\t\t\t<\/div>\n\n\t\n\n<\/div>\n\n\t\t<\/div>\n\n\t\t\n<style>\n#section_1856546551 {\n  padding-top: 30px;\n  padding-bottom: 30px;\n}\n<\/style>\n\t<\/section>\n\t\n<div class=\"row align-center\"  id=\"row-415177320\">\n\n\t<div id=\"col-76210330\" class=\"col medium-10 small-12 large-10\"  >\n\t\t\t\t<div class=\"col-inner\"  >\n\t\t\t\n\t\t\t\n\t<div id=\"text-3561443449\" class=\"text\">\n\t\t\n<h2>H\u00e4ufig gestellte Fragen \u2013 Romantik-Paket auf Cura\u00e7ao<\/h2>\n\t\t\n<style>\n#text-3561443449 {\n  font-size: 1rem;\n  text-align: center;\n}\n@media (min-width:550px) {\n  #text-3561443449 {\n    font-size: 0.75rem;\n  }\n}\n<\/style>\n\t<\/div>\n\t\n\t<div id=\"gap-880911014\" class=\"gap-element clearfix\" style=\"display:block; height:auto;\">\n\t\t\n<style>\n#gap-880911014 {\n  padding-top: 15px;\n}\n<\/style>\n\t<\/div>\n\t\n<div class=\"accordion\">\n\t<div id=\"accordion-965505767\" class=\"accordion-item\">\n\t\t<a id=\"accordion-965505767-label\" class=\"accordion-title plain\" href=\"#accordion-item-was-ist-im-romantik-paket-im-kura-botanica-enthalten?\" aria-expanded=\"false\" aria-controls=\"accordion-965505767-content\">\n\t\t\t<button class=\"toggle\" aria-label=\"Umschalten\"><i class=\"icon-angle-down\" aria-hidden=\"true\"><\/i><\/button>\n\t\t\t<span>Was ist im Romantik-Paket im Kura Botanica enthalten?<\/span>\n\t\t<\/a>\n\t\t<div id=\"accordion-965505767-content\" class=\"accordion-inner\" aria-labelledby=\"accordion-965505767-label\">\n\t\t\t\n<p>Unser Romantik-Paket auf Cura\u00e7ao beinhaltet Fr\u00fchst\u00fcck f\u00fcr zwei G\u00e4ste, eine entspannende Paarmassage, Rosenbl\u00e4tter auf dem Bett, einen sp\u00e4ten Check-out sowie ein Willkommensgetr\u00e4nk bei Ankunft. Es ist darauf ausgelegt, ein rundum unvergessliches romantisches Erlebnis im Herzen des Kura Hulanda Village zu schaffen. <\/p>\n\t\t<\/div>\n\t<\/div>\n\t\n\t<div id=\"accordion-3411388214\" class=\"accordion-item\">\n\t\t<a id=\"accordion-3411388214-label\" class=\"accordion-title plain\" href=\"#accordion-item-f\u00fcr-wie-viele-n\u00e4chte-kann-das-romantik-paket-gebucht-werden?\" aria-expanded=\"false\" aria-controls=\"accordion-3411388214-content\">\n\t\t\t<button class=\"toggle\" aria-label=\"Umschalten\"><i class=\"icon-angle-down\" aria-hidden=\"true\"><\/i><\/button>\n\t\t\t<span>F\u00fcr wie viele N\u00e4chte kann das Romantik-Paket gebucht werden?<\/span>\n\t\t<\/a>\n\t\t<div id=\"accordion-3411388214-content\" class=\"accordion-inner\" aria-labelledby=\"accordion-3411388214-label\">\n\t\t\t\n<p>Das Romantik-Paket ist f\u00fcr Aufenthalte von 2 bis 4 N\u00e4chten verf\u00fcgbar und erm\u00f6glicht Paaren, entweder einen kurzen romantischen Ausflug oder einen l\u00e4ngeren, genussvollen Aufenthalt auf Cura\u00e7ao zu genie\u00dfen.<\/p>\n\t\t<\/div>\n\t<\/div>\n\t\n\t<div id=\"accordion-768421234\" class=\"accordion-item\">\n\t\t<a id=\"accordion-768421234-label\" class=\"accordion-title plain\" href=\"#accordion-item-ist-das-romantik-paket-f\u00fcr-flitterwochen-oder-jahrestage-geeignet?\" aria-expanded=\"false\" aria-controls=\"accordion-768421234-content\">\n\t\t\t<button class=\"toggle\" aria-label=\"Umschalten\"><i class=\"icon-angle-down\" aria-hidden=\"true\"><\/i><\/button>\n\t\t\t<span>Ist das Romantik-Paket f\u00fcr Flitterwochen oder Jahrestage geeignet?<\/span>\n\t\t<\/a>\n\t\t<div id=\"accordion-768421234-content\" class=\"accordion-inner\" aria-labelledby=\"accordion-768421234-label\">\n\t\t\t\n<p>Ja, das Romantik-Paket auf Cura\u00e7ao ist ideal f\u00fcr Flitterwochen, Jahrestage, Heiratsantr\u00e4ge oder spontane \u00dcberraschungsaufenthalte. Das intime Ambiente, die Paarmassage und die romantische Zimmerdekoration machen es perfekt, um besondere Momente gemeinsam zu feiern. <\/p>\n\t\t<\/div>\n\t<\/div>\n\t\n<\/div>\n\t\t<\/div>\n\t\t\t\t\n<style>\n#col-76210330 > .col-inner {\n  margin: 20px 0px 0px 0px;\n}\n<\/style>\n\t<\/div>\n\n\t\n<\/div>\n\t\t<\/div>\n\n\t\t\n<style>\n#section_650929740 {\n  padding-top: 10px;\n  padding-bottom: 10px;\n  background-color: rgb(193, 193, 193);\n}\n#section_650929740 .section-bg-overlay {\n  background-color: rgba(255, 255, 255, 0.85);\n}\n@media (min-width:550px) {\n  #section_650929740 {\n    padding-top: 40px;\n    padding-bottom: 40px;\n  }\n}\n<\/style>\n\t<\/section>\n\t\n","protected":false},"excerpt":{"rendered":"","protected":false},"author":4,"featured_media":2148,"parent":2168,"menu_order":0,"comment_status":"closed","ping_status":"closed","template":"page-blank.php","meta":{"footnotes":""},"class_list":["post-2191","page","type-page","status-publish","has-post-thumbnail","hentry"],"_links":{"self":[{"href":"https:\/\/kurabotanica.com\/de\/wp-json\/wp\/v2\/pages\/2191","targetHints":{"allow":["GET"]}}],"collection":[{"href":"https:\/\/kurabotanica.com\/de\/wp-json\/wp\/v2\/pages"}],"about":[{"href":"https:\/\/kurabotanica.com\/de\/wp-json\/wp\/v2\/types\/page"}],"author":[{"embeddable":true,"href":"https:\/\/kurabotanica.com\/de\/wp-json\/wp\/v2\/users\/4"}],"replies":[{"embeddable":true,"href":"https:\/\/kurabotanica.com\/de\/wp-json\/wp\/v2\/comments?post=2191"}],"version-history":[{"count":0,"href":"https:\/\/kurabotanica.com\/de\/wp-json\/wp\/v2\/pages\/2191\/revisions"}],"up":[{"embeddable":true,"href":"https:\/\/kurabotanica.com\/de\/wp-json\/wp\/v2\/pages\/2168"}],"wp:featuredmedia":[{"embeddable":true,"href":"https:\/\/kurabotanica.com\/de\/wp-json\/wp\/v2\/media\/2148"}],"wp:attachment":[{"href":"https:\/\/kurabotanica.com\/de\/wp-json\/wp\/v2\/media?parent=2191"}],"curies":[{"name":"wp","href":"https:\/\/api.w.org\/{rel}","templated":true}]}}