{"id":2158,"date":"2026-02-06T09:47:58","date_gmt":"2026-02-06T09:47:58","guid":{"rendered":"https:\/\/kurabotanica.com\/romantico\/"},"modified":"2026-02-19T11:27:35","modified_gmt":"2026-02-19T11:27:35","slug":"romantico","status":"publish","type":"page","link":"https:\/\/kurabotanica.com\/es\/paquetes-vacacionales-curazao\/romantico\/","title":{"rendered":"Paquete Rom\u00e1ntico en Curazao"},"content":{"rendered":"\n\t<section class=\"section\" id=\"section_1372964321\">\n\t\t<div class=\"section-bg fill\" >\n\t\t\t\t\t\t\t\t\t<div class=\"section-bg-overlay absolute fill\"><\/div>\n\t\t\t\n\n\t\t<\/div>\n\n\t\t\n\n\t\t<div class=\"section-content relative\">\n\t\t\t\n<div class=\"row row-large align-middle\" style=\"max-width:1400px\" id=\"row-840723239\">\n\n\t<div id=\"col-557459979\" class=\"col medium-6 small-12 large-6\"  >\n\t\t\t\t<div class=\"col-inner\"  >\n\t\t\t\n\t\t\t\n<div class=\"slider-wrapper relative\" id=\"slider-293117380\" >\n    <div class=\"slider slider-nav-dots-dashes-spaced slider-nav-simple slider-nav-large slider-nav-dark slider-style-normal\"\n        data-flickity-options='{\n            \"cellAlign\": \"center\",\n            \"imagesLoaded\": true,\n            \"lazyLoad\": 1,\n            \"freeScroll\": false,\n            \"wrapAround\": true,\n            \"autoPlay\": 4000,\n            \"pauseAutoPlayOnHover\" : true,\n            \"prevNextButtons\": true,\n            \"contain\" : true,\n            \"adaptiveHeight\" : true,\n            \"dragThreshold\" : 10,\n            \"percentPosition\": true,\n            \"pageDots\": true,\n            \"rightToLeft\": false,\n            \"draggable\": true,\n            \"selectedAttraction\": 0.1,\n            \"parallax\" : 0,\n            \"friction\": 0.6        }'\n        >\n        \n\t<div class=\"img has-hover x md-x lg-x y md-y lg-y\" id=\"image_1289518727\">\n\t\t\t\t\t\t\t\t<div class=\"img-inner image-cover dark\" style=\"padding-top:100%;\">\n\t\t\t<img decoding=\"async\" width=\"740\" height=\"800\" src=\"https:\/\/kurabotanica.com\/wp-content\/uploads\/2026\/02\/romantic-package-curacao-hotel-kura-botanica-kura-villa-2-740x800.webp\" class=\"attachment-large size-large\" alt=\"romantic package curacao hotel kura botanica kura villa\" srcset=\"https:\/\/kurabotanica.com\/wp-content\/uploads\/2026\/02\/romantic-package-curacao-hotel-kura-botanica-kura-villa-2-740x800.webp 740w, https:\/\/kurabotanica.com\/wp-content\/uploads\/2026\/02\/romantic-package-curacao-hotel-kura-botanica-kura-villa-2-370x400.webp 370w, https:\/\/kurabotanica.com\/wp-content\/uploads\/2026\/02\/romantic-package-curacao-hotel-kura-botanica-kura-villa-2-768x830.webp 768w, https:\/\/kurabotanica.com\/wp-content\/uploads\/2026\/02\/romantic-package-curacao-hotel-kura-botanica-kura-villa-2.webp 900w\" sizes=\"(max-width: 740px) 100vw, 740px\" \/>\t\t\t\t\t\t\n\t\t\t\t\t<\/div>\n\t\t\t\t\t\t\t\t\n<style>\n#image_1289518727 {\n  width: 100%;\n}\n<\/style>\n\t<\/div>\n\t\n\t<div class=\"img has-hover x md-x lg-x y md-y lg-y\" id=\"image_1251371359\">\n\t\t\t\t\t\t\t\t<div class=\"img-inner image-cover dark\" style=\"padding-top:100%;\">\n\t\t\t<img decoding=\"async\" width=\"844\" height=\"1350\" src=\"https:\/\/kurabotanica.com\/wp-content\/uploads\/2025\/04\/Kura-botanica-hotel-curacao-pool-4.webp\" class=\"attachment-original size-original\" alt=\"\" srcset=\"https:\/\/kurabotanica.com\/wp-content\/uploads\/2025\/04\/Kura-botanica-hotel-curacao-pool-4.webp 844w, https:\/\/kurabotanica.com\/wp-content\/uploads\/2025\/04\/Kura-botanica-hotel-curacao-pool-4-250x400.webp 250w, https:\/\/kurabotanica.com\/wp-content\/uploads\/2025\/04\/Kura-botanica-hotel-curacao-pool-4-500x800.webp 500w, https:\/\/kurabotanica.com\/wp-content\/uploads\/2025\/04\/Kura-botanica-hotel-curacao-pool-4-768x1228.webp 768w\" sizes=\"(max-width: 844px) 100vw, 844px\" \/>\t\t\t\t\t\t\n\t\t\t\t\t<\/div>\n\t\t\t\t\t\t\t\t\n<style>\n#image_1251371359 {\n  width: 100%;\n}\n<\/style>\n\t<\/div>\n\t\n\t<div class=\"img has-hover x md-x lg-x y md-y lg-y\" id=\"image_1583904713\">\n\t\t\t\t\t\t\t\t<div class=\"img-inner image-cover dark\" style=\"padding-top:100%;\">\n\t\t\t<img decoding=\"async\" width=\"1080\" height=\"1172\" src=\"https:\/\/kurabotanica.com\/wp-content\/uploads\/2026\/02\/romantic-package-curacao-hotel-kura-botanica-kura-villa.webp\" class=\"attachment-original size-original\" alt=\"\" srcset=\"https:\/\/kurabotanica.com\/wp-content\/uploads\/2026\/02\/romantic-package-curacao-hotel-kura-botanica-kura-villa.webp 1080w, https:\/\/kurabotanica.com\/wp-content\/uploads\/2026\/02\/romantic-package-curacao-hotel-kura-botanica-kura-villa-369x400.webp 369w, https:\/\/kurabotanica.com\/wp-content\/uploads\/2026\/02\/romantic-package-curacao-hotel-kura-botanica-kura-villa-737x800.webp 737w, https:\/\/kurabotanica.com\/wp-content\/uploads\/2026\/02\/romantic-package-curacao-hotel-kura-botanica-kura-villa-768x833.webp 768w\" sizes=\"(max-width: 1080px) 100vw, 1080px\" \/>\t\t\t\t\t\t\n\t\t\t\t\t<\/div>\n\t\t\t\t\t\t\t\t\n<style>\n#image_1583904713 {\n  width: 100%;\n}\n<\/style>\n\t<\/div>\n\t\n\t<div class=\"img has-hover x md-x lg-x y md-y lg-y\" id=\"image_1339303179\">\n\t\t\t\t\t\t\t\t<div class=\"img-inner image-cover dark\" style=\"padding-top:100%;\">\n\t\t\t<img decoding=\"async\" width=\"1600\" height=\"1067\" src=\"https:\/\/kurabotanica.com\/wp-content\/uploads\/2025\/07\/Kura-Botanica-Hotel-Curacao-Superior-Junior-Suite-Balcony-9.webp\" class=\"attachment-original size-original\" alt=\"\" srcset=\"https:\/\/kurabotanica.com\/wp-content\/uploads\/2025\/07\/Kura-Botanica-Hotel-Curacao-Superior-Junior-Suite-Balcony-9.webp 1600w, https:\/\/kurabotanica.com\/wp-content\/uploads\/2025\/07\/Kura-Botanica-Hotel-Curacao-Superior-Junior-Suite-Balcony-9-600x400.webp 600w, https:\/\/kurabotanica.com\/wp-content\/uploads\/2025\/07\/Kura-Botanica-Hotel-Curacao-Superior-Junior-Suite-Balcony-9-1200x800.webp 1200w, https:\/\/kurabotanica.com\/wp-content\/uploads\/2025\/07\/Kura-Botanica-Hotel-Curacao-Superior-Junior-Suite-Balcony-9-768x512.webp 768w, https:\/\/kurabotanica.com\/wp-content\/uploads\/2025\/07\/Kura-Botanica-Hotel-Curacao-Superior-Junior-Suite-Balcony-9-1536x1024.webp 1536w\" sizes=\"(max-width: 1600px) 100vw, 1600px\" \/>\t\t\t\t\t\t\n\t\t\t\t\t<\/div>\n\t\t\t\t\t\t\t\t\n<style>\n#image_1339303179 {\n  width: 100%;\n}\n<\/style>\n\t<\/div>\n\t\n     <\/div>\n\n     <div class=\"loading-spin dark large centered\"><\/div>\n\n\t<\/div>\n\n\n\t\t<\/div>\n\t\t\t\t\t<\/div>\n\n\t\n\n\t<div id=\"col-1566117035\" class=\"col medium-6 small-12 large-6\"  >\n\t\t\t\t<div class=\"col-inner text-left\"  >\n\t\t\t\n\t\t\t\n\t<div id=\"text-3625689761\" class=\"text nomargin\">\n\t\t\n<p><a href=\"https:\/\/kurabotanica.com\/curacao-vacation-packages\/\">Paquetes de Vacaciones en Curazao<\/a><\/p>\n\t\t\n<style>\n#text-3625689761 {\n  font-size: 0.75rem;\n  line-height: 1.2;\n  text-align: center;\n  color: rgb(0,0,0);\n}\n#text-3625689761 > * {\n  color: rgb(0,0,0);\n}\n@media (min-width:550px) {\n  #text-3625689761 {\n    line-height: 0.8;\n    text-align: left;\n  }\n}\n<\/style>\n\t<\/div>\n\t\n\t<div id=\"text-1874189821\" class=\"text\">\n\t\t\n<h6>Una escapada atemporal para dos<\/h6>\n\t\t\n<style>\n#text-1874189821 {\n  font-size: 1.15rem;\n  line-height: 0.9;\n  text-align: center;\n  color: #cd837a;\n}\n#text-1874189821 > * {\n  color: #cd837a;\n}\n@media (min-width:550px) {\n  #text-1874189821 {\n    font-size: 1.2rem;\n    text-align: left;\n  }\n}\n<\/style>\n\t<\/div>\n\t\n\t<div id=\"gap-872532918\" class=\"gap-element clearfix\" style=\"display:block; height:auto;\">\n\t\t\n<style>\n#gap-872532918 {\n  padding-top: 10px;\n}\n<\/style>\n\t<\/div>\n\t\n\t<div id=\"text-3962955481\" class=\"text\">\n\t\t\n<h1><strong><span style=\"font-size: 180%;\">Paquete Rom\u00e1ntico en Curazao<\/span><\/strong><\/h1>\n\t\t\n<style>\n#text-3962955481 {\n  font-size: 1.55rem;\n  text-align: center;\n  color: rgb(0,0,0);\n}\n#text-3962955481 > * {\n  color: rgb(0,0,0);\n}\n@media (min-width:550px) {\n  #text-3962955481 {\n    font-size: 2.55rem;\n    text-align: left;\n  }\n}\n<\/style>\n\t<\/div>\n\t\n\t<div id=\"text-3230187198\" class=\"text\">\n\t\t\n<p><span style=\"font-size: 90%;\">Desde <span style=\"font-size: 220%;\">130 <\/span>USD por persona y noche<\/span><\/p>\n\t\t\n<style>\n#text-3230187198 {\n  text-align: center;\n  color: rgb(0,0,0);\n}\n#text-3230187198 > * {\n  color: rgb(0,0,0);\n}\n@media (min-width:550px) {\n  #text-3230187198 {\n    text-align: left;\n  }\n}\n<\/style>\n\t<\/div>\n\t\n<div class=\"row\"  id=\"row-1365621413\">\n\n\t<div id=\"col-342911365\" class=\"col medium-8 small-12 large-8\"  >\n\t\t\t\t<div class=\"col-inner\"  >\n\t\t\t\n\t\t\t\n<a href=\"https:\/\/kurabotanica.com\/romantic-package-in-curacao?clock-pms-wbe=%3Frate_ids%3D756598%252C756958%252C757259%252C756594%252C756954%252C757255%252C756596%252C756956%252C757257%252C756603%252C756963%26submit%3Dtrue%26adults%3D2\" class=\"button secondary expand\" >\n\t<i class=\"icon-angle-right\" aria-hidden=\"true\"><\/i>\t<span>Reserva ahora<\/span>\n\t<\/a>\n\n\t\t<\/div>\n\t\t\t\t\n<style>\n#col-342911365 > .col-inner {\n  padding: 0px 0px 0px 0px;\n  margin: 0px 0px -30px 0px;\n}\n<\/style>\n\t<\/div>\n\n\t\n<\/div>\n\t<div id=\"gap-432102116\" class=\"gap-element clearfix\" style=\"display:block; height:auto;\">\n\t\t\n<style>\n#gap-432102116 {\n  padding-top: 15px;\n}\n<\/style>\n\t<\/div>\n\t\n\t<div id=\"text-768783214\" class=\"text\">\n\t\t\n<p>Celebra el amor en el coraz\u00f3n de Curazao con nuestro exclusivo <strong>Paquete Rom\u00e1ntico<\/strong>, dise\u00f1ado para parejas que buscan intimidad, relax y momentos inolvidables juntos. Situado en el entorno exuberante y el encanto hist\u00f3rico del <a href=\"\/\">Hotel Kura Botanica<\/a>, esta<strong> escapada rom\u00e1ntica<\/strong> es la forma perfecta de reconectar y disfrutar. <\/p>\n<p>Ya sea que est\u00e9s planeando una luna de miel, un aniversario o una escapada rom\u00e1ntica espont\u00e1nea, nuestro <strong>Paquete Rom\u00e1ntico en Curazao<\/strong> ofrece todo lo que necesitas para una estancia verdaderamente especial.<\/p>\n\t\t\n<style>\n#text-768783214 {\n  line-height: 1.4;\n}\n<\/style>\n\t<\/div>\n\t\n\t\t<\/div>\n\t\t\t\t\n<style>\n#col-1566117035 > .col-inner {\n  padding: 0px 0px 0px 0px;\n  margin: -10px 0px 0px 0px;\n}\n<\/style>\n\t<\/div>\n\n\t\n\n<style>\n#row-840723239 > .col > .col-inner {\n  padding: 20px 0px 0px 0px;\n}\n@media (min-width:550px) {\n  #row-840723239 > .col > .col-inner {\n    padding: 30px 0px 0px 0px;\n  }\n}\n<\/style>\n<\/div>\n\t\t<\/div>\n\n\t\t\n<style>\n#section_1372964321 {\n  padding-top: 0px;\n  padding-bottom: 0px;\n  background-color: rgb(193, 193, 193);\n}\n#section_1372964321 .section-bg-overlay {\n  background-color: rgba(255, 255, 255, 0.85);\n}\n<\/style>\n\t<\/section>\n\t\n\n\t<section class=\"section\" id=\"section_570436515\">\n\t\t<div class=\"section-bg fill\" >\n\t\t\t\t\t\t\t\t\t<div class=\"section-bg-overlay absolute fill\"><\/div>\n\t\t\t\n\n\t\t<\/div>\n\n\t\t\n\n\t\t<div class=\"section-content relative\">\n\t\t\t\n<div class=\"row row-large align-center\"  id=\"row-340696139\">\n\n\t<div id=\"col-765952872\" class=\"col small-12 large-12\"  >\n\t\t\t\t<div class=\"col-inner text-left\"  >\n\t\t\t\n\t\t\t\n<div class=\"is-divider divider clearfix\" style=\"max-width:50px;\"><\/div>\n\t<div id=\"text-3976814900\" class=\"text\">\n\t\t\n<h2>Qu\u00e9 incluye nuestro Paquete Rom\u00e1ntico<\/h2>\n\t\t\n<style>\n#text-3976814900 {\n  text-align: left;\n}\n<\/style>\n\t<\/div>\n\t\n\t<div id=\"text-419468628\" class=\"text\">\n\t\t\n<p><strong>Desayuno para Dos<\/strong><br \/>\nDespierten sin prisas y disfruten de un delicioso desayuno para dos, servido en un ambiente \u00edntimo y relajado.<\/p>\n<p><strong>Masaje para Dos<\/strong><br \/>\nDesconecten juntos con un reconfortante masaje en pareja, dise\u00f1ado para relajar cuerpo y mente en perfecta armon\u00eda.<\/p>\n<p><strong>P\u00e9talos de Rosa en la Cama<\/strong><br \/>\nAl regresar a su habitaci\u00f3n, ser\u00e1n recibidos por un entorno rom\u00e1ntico con p\u00e9talos de rosa, creando una atm\u00f3sfera inolvidable.<\/p>\n<p><strong>Late Check-Out<\/strong><br \/>\nPorque los momentos especiales no deben apresurarse. Disfruten de tiempo adicional juntos con una salida tard\u00eda de cortes\u00eda. <\/p>\n<p><strong>Bebida de Bienvenida<\/strong><br \/>\nComiencen su escapada rom\u00e1ntica con una refrescante bebida de bienvenida a su llegada.<\/p>\n<p>Nuestro <strong>Paquete Rom\u00e1ntico en Curazao<\/strong> est\u00e1 disponible para <strong>estancias de 2 a 4 noches<\/strong>, d\u00e1ndote la libertad de disfrutar de vuestro tiempo juntos a vuestro propio ritmo, ya sea que planees una escapada corta o un retiro m\u00e1s largo y placentero.<\/p>\n\t\t\n<style>\n#text-419468628 {\n  text-align: left;\n}\n<\/style>\n\t<\/div>\n\t\n<a href=\"https:\/\/kurabotanica.com\/romantic-package-in-curacao?clock-pms-wbe=%3Frate_ids%3D756598%252C756958%252C757259%252C756594%252C756954%252C757255%252C756596%252C756956%252C757257%252C756603%252C756963%26submit%3Dtrue%26adults%3D2\" class=\"button secondary\" >\n\t<i class=\"icon-angle-right\" aria-hidden=\"true\"><\/i>\t<span>Reserva ahora<\/span>\n\t<\/a>\n\n\t\t<\/div>\n\t\t\t\t\t<\/div>\n\n\t\n\n\t<div id=\"col-476082934\" class=\"col medium-6 small-12 large-6\"  >\n\t\t\t\t<div class=\"col-inner text-center\"  >\n\t\t\t\n\t\t\t\n\t<div class=\"img has-hover x md-x lg-x y md-y lg-y\" id=\"image_1552661506\">\n\t\t\t\t\t\t\t\t<div class=\"img-inner image-cover dark\" style=\"padding-top:60%;\">\n\t\t\t<img decoding=\"async\" width=\"737\" height=\"800\" src=\"https:\/\/kurabotanica.com\/wp-content\/uploads\/2026\/02\/romantic-package-curacao-hotel-kura-botanica-kura-villa-737x800.webp\" class=\"attachment-large size-large\" alt=\"\" srcset=\"https:\/\/kurabotanica.com\/wp-content\/uploads\/2026\/02\/romantic-package-curacao-hotel-kura-botanica-kura-villa-737x800.webp 737w, https:\/\/kurabotanica.com\/wp-content\/uploads\/2026\/02\/romantic-package-curacao-hotel-kura-botanica-kura-villa-369x400.webp 369w, https:\/\/kurabotanica.com\/wp-content\/uploads\/2026\/02\/romantic-package-curacao-hotel-kura-botanica-kura-villa-768x833.webp 768w, https:\/\/kurabotanica.com\/wp-content\/uploads\/2026\/02\/romantic-package-curacao-hotel-kura-botanica-kura-villa.webp 1080w\" sizes=\"(max-width: 737px) 100vw, 737px\" \/>\t\t\t\t\t\t\n\t\t\t\t\t<\/div>\n\t\t\t\t\t\t\t\t\n<style>\n#image_1552661506 {\n  width: 100%;\n}\n<\/style>\n\t<\/div>\n\t\n\t<div id=\"text-2688507066\" class=\"text\">\n\t\t\n<h2>Un masaje para dos<\/h2>\n<p>Reconecta y rel\u00e1jate con <strong>un masaje relajante para parejas<\/strong>, dise\u00f1ado para liberar tensiones y restaurar el equilibrio en un entorno sereno e \u00edntimo. Un momento compartido de pura relajaci\u00f3n, dise\u00f1ado a la perfecci\u00f3n para tu escapada rom\u00e1ntica.<\/p>\n\t\t\n<style>\n#text-2688507066 {\n  text-align: left;\n}\n<\/style>\n\t<\/div>\n\t\n\t\t<\/div>\n\t\t\t\t\t<\/div>\n\n\t\n\n\t<div id=\"col-1812199579\" class=\"col medium-6 small-12 large-6\"  >\n\t\t\t\t<div class=\"col-inner text-center\"  >\n\t\t\t\n\t\t\t\n\t<div class=\"img has-hover x md-x lg-x y md-y lg-y\" id=\"image_673442913\">\n\t\t\t\t\t\t\t\t<div class=\"img-inner image-cover dark\" style=\"padding-top:60%;\">\n\t\t\t<img decoding=\"async\" width=\"796\" height=\"800\" src=\"https:\/\/kurabotanica.com\/wp-content\/uploads\/2026\/02\/romantic-package-curacao-hotel-kura-botanica-kura-villa-3-796x800.webp\" class=\"attachment-large size-large\" alt=\"\" srcset=\"https:\/\/kurabotanica.com\/wp-content\/uploads\/2026\/02\/romantic-package-curacao-hotel-kura-botanica-kura-villa-3-796x800.webp 796w, https:\/\/kurabotanica.com\/wp-content\/uploads\/2026\/02\/romantic-package-curacao-hotel-kura-botanica-kura-villa-3-398x400.webp 398w, https:\/\/kurabotanica.com\/wp-content\/uploads\/2026\/02\/romantic-package-curacao-hotel-kura-botanica-kura-villa-3-280x280.webp 280w, https:\/\/kurabotanica.com\/wp-content\/uploads\/2026\/02\/romantic-package-curacao-hotel-kura-botanica-kura-villa-3-768x771.webp 768w, https:\/\/kurabotanica.com\/wp-content\/uploads\/2026\/02\/romantic-package-curacao-hotel-kura-botanica-kura-villa-3.webp 900w\" sizes=\"(max-width: 796px) 100vw, 796px\" \/>\t\t\t\t\t\t\n\t\t\t\t\t<\/div>\n\t\t\t\t\t\t\t\t\n<style>\n#image_673442913 {\n  width: 100%;\n}\n<\/style>\n\t<\/div>\n\t\n\t<div id=\"text-160011874\" class=\"text\">\n\t\t\n<h2>En el coraz\u00f3n de Kura Hulanda Village<\/h2>\n<p>Tu escapada rom\u00e1ntica tiene lugar en el ic\u00f3nico <strong>Kura Hulanda Village<\/strong>, un barrio hist\u00f3rico bellamente restaurado en Willemstad donde se fusionan la cultura, la historia y la elegancia tropical. Calles de adoquines, arquitectura colonial y jardines exuberantes crean un entorno verdaderamente m\u00e1gico para las parejas.<\/p>\n\t\t\n<style>\n#text-160011874 {\n  text-align: left;\n}\n<\/style>\n\t<\/div>\n\t\n\t\t<\/div>\n\t\t\t\t\t<\/div>\n\n\t\n\n<style>\n#row-340696139 > .col > .col-inner {\n  padding: 0px 0px 0px 0px;\n}\n<\/style>\n<\/div>\n<div class=\"row align-center\"  id=\"row-431097521\">\n\n\t<div id=\"col-775447224\" class=\"col medium-10 small-12 large-10\"  >\n\t\t\t\t<div class=\"col-inner\"  >\n\t\t\t\n\t\t\t\n\t<div id=\"text-3760062476\" class=\"text\">\n\t\t\n<h2>Preguntas Frecuentes \u2013 Paquete Rom\u00e1ntico en Curazao<\/h2>\n\t\t\n<style>\n#text-3760062476 {\n  font-size: 1rem;\n  text-align: center;\n}\n@media (min-width:550px) {\n  #text-3760062476 {\n    font-size: 0.75rem;\n  }\n}\n<\/style>\n\t<\/div>\n\t\n\t<div id=\"gap-1743780113\" class=\"gap-element clearfix\" style=\"display:block; height:auto;\">\n\t\t\n<style>\n#gap-1743780113 {\n  padding-top: 15px;\n}\n<\/style>\n\t<\/div>\n\t\n<div class=\"accordion\">\n\t<div id=\"accordion-49338682\" class=\"accordion-item\">\n\t\t<a id=\"accordion-49338682-label\" class=\"accordion-title plain\" href=\"#accordion-item-\u00bfqu\u00e9-incluye-el-paquete-rom\u00e1ntico-en-kura-botanica?\" aria-expanded=\"false\" aria-controls=\"accordion-49338682-content\">\n\t\t\t<button class=\"toggle\" aria-label=\"Toggle\"><i class=\"icon-angle-down\" aria-hidden=\"true\"><\/i><\/button>\n\t\t\t<span>\u00bfQu\u00e9 incluye el Paquete Rom\u00e1ntico en Kura Botanica?<\/span>\n\t\t<\/a>\n\t\t<div id=\"accordion-49338682-content\" class=\"accordion-inner\" aria-labelledby=\"accordion-49338682-label\">\n\t\t\t\n<p>Nuestro Paquete Rom\u00e1ntico en Curazao incluye desayuno para dos personas, un masaje relajante para parejas, p\u00e9talos de rosa en la cama, late check-out y una bebida de bienvenida a la llegada. Est\u00e1 dise\u00f1ado para crear una experiencia rom\u00e1ntica completa y memorable en el coraz\u00f3n de Kura Hulanda Village.<\/p>\n\t\t<\/div>\n\t<\/div>\n\t\n\t<div id=\"accordion-1475351958\" class=\"accordion-item\">\n\t\t<a id=\"accordion-1475351958-label\" class=\"accordion-title plain\" href=\"#accordion-item-\u00bfcu\u00e1ntas-noches-podemos-reservar-el-paquete-rom\u00e1ntico?\" aria-expanded=\"false\" aria-controls=\"accordion-1475351958-content\">\n\t\t\t<button class=\"toggle\" aria-label=\"Toggle\"><i class=\"icon-angle-down\" aria-hidden=\"true\"><\/i><\/button>\n\t\t\t<span>\u00bfCu\u00e1ntas noches podemos reservar el Paquete Rom\u00e1ntico?<\/span>\n\t\t<\/a>\n\t\t<div id=\"accordion-1475351958-content\" class=\"accordion-inner\" aria-labelledby=\"accordion-1475351958-label\">\n\t\t\t\n<p>El Paquete Rom\u00e1ntico est\u00e1 disponible para estancias de 2 a 4 noches, lo que permite a las parejas disfrutar de una escapada rom\u00e1ntica corta o de un viaje m\u00e1s largo y relajado en Curazao.<\/p>\n\t\t<\/div>\n\t<\/div>\n\t\n\t<div id=\"accordion-3336332177\" class=\"accordion-item\">\n\t\t<a id=\"accordion-3336332177-label\" class=\"accordion-title plain\" href=\"#accordion-item-\u00bfes-el-paquete-rom\u00e1ntico-adecuado-para-lunas-de-miel-o-aniversarios?\" aria-expanded=\"false\" aria-controls=\"accordion-3336332177-content\">\n\t\t\t<button class=\"toggle\" aria-label=\"Toggle\"><i class=\"icon-angle-down\" aria-hidden=\"true\"><\/i><\/button>\n\t\t\t<span>\u00bfEs el Paquete Rom\u00e1ntico adecuado para lunas de miel o aniversarios?<\/span>\n\t\t<\/a>\n\t\t<div id=\"accordion-3336332177-content\" class=\"accordion-inner\" aria-labelledby=\"accordion-3336332177-label\">\n\t\t\t\n<p>S\u00ed, el Paquete Rom\u00e1ntico en Curazao es ideal para lunas de miel, aniversarios, propuestas de matrimonio o escapadas sorpresa. El entorno \u00edntimo, el masaje para dos y la decoraci\u00f3n rom\u00e1ntica de la habitaci\u00f3n lo hacen perfecto para celebrar momentos especiales juntos.<\/p>\n\t\t<\/div>\n\t<\/div>\n\t\n<\/div>\n\t\t<\/div>\n\t\t\t\t\n<style>\n#col-775447224 > .col-inner {\n  margin: 20px 0px 0px 0px;\n}\n<\/style>\n\t<\/div>\n\n\t\n<\/div>\n\t\t<\/div>\n\n\t\t\n<style>\n#section_570436515 {\n  padding-top: 10px;\n  padding-bottom: 10px;\n  background-color: rgb(193, 193, 193);\n}\n#section_570436515 .section-bg-overlay {\n  background-color: rgba(255, 255, 255, 0.85);\n}\n@media (min-width:550px) {\n  #section_570436515 {\n    padding-top: 40px;\n    padding-bottom: 40px;\n  }\n}\n<\/style>\n\t<\/section>\n\t\n","protected":false},"excerpt":{"rendered":"","protected":false},"author":4,"featured_media":2149,"parent":2171,"menu_order":0,"comment_status":"closed","ping_status":"closed","template":"page-blank.php","meta":{"footnotes":""},"class_list":["post-2158","page","type-page","status-publish","has-post-thumbnail","hentry"],"_links":{"self":[{"href":"https:\/\/kurabotanica.com\/es\/wp-json\/wp\/v2\/pages\/2158","targetHints":{"allow":["GET"]}}],"collection":[{"href":"https:\/\/kurabotanica.com\/es\/wp-json\/wp\/v2\/pages"}],"about":[{"href":"https:\/\/kurabotanica.com\/es\/wp-json\/wp\/v2\/types\/page"}],"author":[{"embeddable":true,"href":"https:\/\/kurabotanica.com\/es\/wp-json\/wp\/v2\/users\/4"}],"replies":[{"embeddable":true,"href":"https:\/\/kurabotanica.com\/es\/wp-json\/wp\/v2\/comments?post=2158"}],"version-history":[{"count":0,"href":"https:\/\/kurabotanica.com\/es\/wp-json\/wp\/v2\/pages\/2158\/revisions"}],"up":[{"embeddable":true,"href":"https:\/\/kurabotanica.com\/es\/wp-json\/wp\/v2\/pages\/2171"}],"wp:featuredmedia":[{"embeddable":true,"href":"https:\/\/kurabotanica.com\/es\/wp-json\/wp\/v2\/media\/2149"}],"wp:attachment":[{"href":"https:\/\/kurabotanica.com\/es\/wp-json\/wp\/v2\/media?parent=2158"}],"curies":[{"name":"wp","href":"https:\/\/api.w.org\/{rel}","templated":true}]}}