{"id":2171,"date":"2026-02-12T12:46:58","date_gmt":"2026-02-12T12:46:58","guid":{"rendered":"https:\/\/kurabotanica.com\/paquetes-vacacionales-curazao\/"},"modified":"2026-02-19T11:27:35","modified_gmt":"2026-02-19T11:27:35","slug":"paquetes-vacacionales-curazao","status":"publish","type":"page","link":"https:\/\/kurabotanica.com\/es\/paquetes-vacacionales-curazao\/","title":{"rendered":"Paquetes de Vacaciones en Curazao"},"content":{"rendered":"\n\t<section class=\"section\" id=\"section_2111147604\">\n\t\t<div class=\"section-bg fill\" >\n\t\t\t<img decoding=\"async\" width=\"1600\" height=\"1067\" src=\"https:\/\/kurabotanica.com\/wp-content\/uploads\/2025\/07\/Kura-Botanica-Hotel-Curacao-Superior-Junior-Suite-Balcony-9.webp\" class=\"bg attachment- size-\" alt=\"\" \/>\t\t\t\t\t\t<div class=\"section-bg-overlay absolute fill\"><\/div>\n\t\t\t\n\n\t\t<\/div>\n\n\t\t\n\n\t\t<div class=\"section-content relative\">\n\t\t\t\n<div class=\"row align-middle align-center\"  id=\"row-1858060158\">\n\n\t<div id=\"col-1161943382\" class=\"col small-12 large-12\"  >\n\t\t\t\t<div class=\"col-inner\"  >\n\t\t\t\n\t\t\t\n\t<div id=\"text-2147599769\" class=\"text\">\n\t\t\n<h1 style=\"text-align: center;\"><span style=\"font-size: 300%;\">Paquetes de Vacaciones en Curazao<\/span><\/h1>\n\t\t\n<style>\n#text-2147599769 {\n  font-size: 2.2rem;\n  color: rgb(255,255,255);\n}\n#text-2147599769 > * {\n  color: rgb(255,255,255);\n}\n<\/style>\n\t<\/div>\n\t\n\t\t<\/div>\n\t\t\t\t\t<\/div>\n\n\t\n<\/div>\n\t\t<\/div>\n\n\t\t\n<style>\n#section_2111147604 {\n  padding-top: 80px;\n  padding-bottom: 80px;\n}\n#section_2111147604 .section-bg-overlay {\n  background-color: rgba(0, 0, 0, 0.593);\n}\n#section_2111147604 .section-bg img {\n  object-position: 39% 51%;\n}\n<\/style>\n\t<\/section>\n\t\n<div class=\"row align-center\"  id=\"row-1428343433\">\n\n\t<div id=\"col-877206300\" class=\"col medium-7 small-12 large-7\"  >\n\t\t\t\t<div class=\"col-inner\"  >\n\t\t\t\n\t\t\t\n<h2 style=\"text-align: center; font-weight: 300; font-size: 2.5rem; line-height: 3rem;\">Escapadas Exclusivas en Kura Botanica Hotel<\/h2>\n\t<div id=\"text-4240062381\" class=\"text\">\n\t\t\n<p>Descubre nuestros<strong> paquetes de vacaciones en Curazao<\/strong>, cuidadosamente seleccionados y dise\u00f1ados para elevar tu estancia en el coraz\u00f3n del hist\u00f3rico <a href=\"\/\">Kura Hulanda Village<\/a>. Ya sea que est\u00e9s planeando una escapada rom\u00e1ntica, un retiro de bienestar o una celebraci\u00f3n especial, Kura Botanica Hotel ofrece experiencias a medida que combinan confort, encanto y momentos inolvidables en la isla. <\/p>\n\t\t\n<style>\n#text-4240062381 {\n  text-align: center;\n}\n<\/style>\n\t<\/div>\n\t\n\t\t<\/div>\n\t\t\t\t\n<style>\n#col-877206300 > .col-inner {\n  margin: 20px 0px 0px 0px;\n}\n<\/style>\n\t<\/div>\n\n\t\n<\/div>\n<div class=\"row\"  id=\"row-1967007349\">\n\n\t<div id=\"col-2101336237\" class=\"col medium-4 small-12 large-4\"  >\n\t\t\t\t<div class=\"col-inner text-center box-shadow-1-hover\"  >\n\t\t\t\n\t\t\t\n\t<div class=\"img has-hover x md-x lg-x y md-y lg-y\" id=\"image_1103781456\">\n\t\t<a class=\"\" href=\"https:\/\/kurabotanica.com\/es\/paquetes-vacacionales-curazao\/romantico\/\" >\t\t\t\t\t\t<div class=\"img-inner image-cover dark\" style=\"padding-top:100%;\">\n\t\t\t<img decoding=\"async\" width=\"740\" height=\"800\" src=\"https:\/\/kurabotanica.com\/wp-content\/uploads\/2026\/02\/romantic-package-curacao-hotel-kura-botanica-kura-villa-2-740x800.webp\" class=\"attachment-large size-large\" alt=\"romantic package curacao hotel kura botanica kura villa\" srcset=\"https:\/\/kurabotanica.com\/wp-content\/uploads\/2026\/02\/romantic-package-curacao-hotel-kura-botanica-kura-villa-2-740x800.webp 740w, https:\/\/kurabotanica.com\/wp-content\/uploads\/2026\/02\/romantic-package-curacao-hotel-kura-botanica-kura-villa-2-370x400.webp 370w, https:\/\/kurabotanica.com\/wp-content\/uploads\/2026\/02\/romantic-package-curacao-hotel-kura-botanica-kura-villa-2-768x830.webp 768w, https:\/\/kurabotanica.com\/wp-content\/uploads\/2026\/02\/romantic-package-curacao-hotel-kura-botanica-kura-villa-2.webp 900w\" sizes=\"(max-width: 740px) 100vw, 740px\" \/>\t\t\t\t\t\t\n\t\t\t\t\t<\/div>\n\t\t\t\t\t\t<\/a>\t\t\n<style>\n#image_1103781456 {\n  width: 100%;\n}\n<\/style>\n\t<\/div>\n\t\n\t<div id=\"text-1635523315\" class=\"text\">\n\t\t\n<h2><span style=\"color: #000000;\"><a style=\"color: #000000;\" href=\"https:\/\/kurabotanica.com\/es\/paquetes-vacacionales-curazao\/romantico\/\">Paquete Rom\u00e1ntico en Curazao<\/a><\/span><\/h2>\n\t\t\n<style>\n#text-1635523315 {\n  font-size: 1rem;\n  text-align: center;\n}\n@media (min-width:550px) {\n  #text-1635523315 {\n    font-size: 0.8rem;\n  }\n}\n<\/style>\n\t<\/div>\n\t\n\t<div id=\"text-2092981858\" class=\"text\">\n\t\t\n<p>Desde 130 USD por persona y noche<\/p>\n\t\t\n<style>\n#text-2092981858 {\n  text-align: center;\n}\n<\/style>\n\t<\/div>\n\t\n<a href=\"https:\/\/kurabotanica.com\/es\/paquetes-vacacionales-curazao\/romantico\/\" class=\"button primary\" >\n\t\t<span>Descubrir m\u00e1s<\/span>\n\t<\/a>\n\n\t\t<\/div>\n\t\t\t\t\n<style>\n#col-2101336237 > .col-inner {\n  margin: 0px 0px 0px 0px;\n}\n<\/style>\n\t<\/div>\n\n\t\n<\/div>\n\n\t<section class=\"section\" id=\"section_87238396\">\n\t\t<div class=\"section-bg fill\" >\n\t\t\t\t\t\t\t\t\t\n\t\t\t\n\n\t\t<\/div>\n\n\t\t\n\n\t\t<div class=\"section-content relative\">\n\t\t\t\n<div class=\"row align-middle align-center\"  id=\"row-245528116\">\n\n\t<div id=\"col-1193360083\" class=\"col medium-8 small-12 large-8\"  >\n\t\t\t\t<div class=\"col-inner\"  >\n\t\t\t\n\t\t\t\n<h2>\u00bfPor qu\u00e9 elegir nuestros paquetes de vacaciones en Curazao?<\/h2>\n<p>En Kura Botanica Hotel, creemos que unas vacaciones deben ser mucho <strong>m\u00e1s que una simple estancia<\/strong>. Nuestros paquetes est\u00e1n dise\u00f1ados para: <\/p>\n<ul>\n<li>Mejorar tu experiencia con beneficios exclusivos.<\/li>\n<li>Ofrecer un valor a\u00f1adido en comparaci\u00f3n con las reservas est\u00e1ndar<\/li>\n<li>Crear momentos memorables en un entorno \u00fanico<\/li>\n<li>Permitirte relajar plenamente en nuestros serenos alrededores bot\u00e1nicos.<\/li>\n<\/ul>\n<p>Situado en el bellamente restaurado <strong>Kura Hulanda Village<\/strong>, nuestro hotel boutique combina arquitectura colonial, jardines exuberantes y espacios tranquilos \u2014incluyendo nuestra apacible zona de piscina y encantadoras habitaciones\u2014, convirti\u00e9ndose en <strong>la base perfecta para tu escapada a Curazao<\/strong>.<\/p>\n\t\t<\/div>\n\t\t\t\t\t<\/div>\n\n\t\n\n\t<div id=\"col-2057454602\" class=\"col medium-4 small-12 large-4\"  >\n\t\t\t\t<div class=\"col-inner\"  >\n\t\t\t\n\t\t\t\n\t<div class=\"img has-hover x md-x lg-x y md-y lg-y\" id=\"image_2111706323\">\n\t\t\t\t\t\t\t\t<div class=\"img-inner dark\" >\n\t\t\t<img decoding=\"async\" width=\"735\" height=\"800\" src=\"https:\/\/kurabotanica.com\/wp-content\/uploads\/2025\/04\/Kura-botanica-hotel-curacao-pool-735x800.webp\" class=\"attachment-large size-large\" alt=\"\" srcset=\"https:\/\/kurabotanica.com\/wp-content\/uploads\/2025\/04\/Kura-botanica-hotel-curacao-pool-735x800.webp 735w, https:\/\/kurabotanica.com\/wp-content\/uploads\/2025\/04\/Kura-botanica-hotel-curacao-pool-367x400.webp 367w, https:\/\/kurabotanica.com\/wp-content\/uploads\/2025\/04\/Kura-botanica-hotel-curacao-pool-768x836.webp 768w, https:\/\/kurabotanica.com\/wp-content\/uploads\/2025\/04\/Kura-botanica-hotel-curacao-pool.webp 1080w\" sizes=\"(max-width: 735px) 100vw, 735px\" \/>\t\t\t\t\t\t\n\t\t\t\t\t<\/div>\n\t\t\t\t\t\t\t\t\n<style>\n#image_2111706323 {\n  width: 93%;\n}\n<\/style>\n\t<\/div>\n\t\n\t\t<\/div>\n\t\t\t\t\t<\/div>\n\n\t\n<\/div>\n\t\t<\/div>\n\n\t\t\n<style>\n#section_87238396 {\n  padding-top: 30px;\n  padding-bottom: 30px;\n}\n<\/style>\n\t<\/section>\n\t\n\n\t<section class=\"section\" id=\"section_1319174646\">\n\t\t<div class=\"section-bg fill\" >\n\t\t\t\t\t\t\t\t\t\n\t\t\t\n\n\t\t<\/div>\n\n\t\t\n\n\t\t<div class=\"section-content relative\">\n\t\t\t\n\n\t<div id=\"gap-1994869926\" class=\"gap-element clearfix\" style=\"display:block; height:auto;\">\n\t\t\n<style>\n#gap-1994869926 {\n  padding-top: 3rem;\n}\n<\/style>\n\t<\/div>\n\t\n\n<div class=\"row row-collapse align-middle align-center\"  id=\"row-1061016239\">\n\n\n\t<div id=\"col-1167354410\" class=\"col small-12 large-12\"  >\n\t\t\t\t<div class=\"col-inner text-center\"  >\n\t\t\t\n\t\t\t\n\n\t<div id=\"text-1046215123\" class=\"text\">\n\t\t\n\n<p style=\"color:#cd837a;\">Kura Botanica Hotel Cura\u00e7ao  <\/p>\n<p style=\"font-family:New Spirit;font-size:2.5rem; line-height:2.5rem; margin:1.5rem;\">Estamos deseando que llegue<\/br>Para darle la bienvenida.<\/p>\n\t\t\n<style>\n#text-1046215123 {\n  color: rgb(0,0,0);\n}\n#text-1046215123 > * {\n  color: rgb(0,0,0);\n}\n<\/style>\n\t<\/div>\n\t\n\t<div id=\"gap-2061110470\" class=\"gap-element clearfix\" style=\"display:block; height:auto;\">\n\t\t\n<style>\n#gap-2061110470 {\n  padding-top: 20px;\n}\n<\/style>\n\t<\/div>\n\t\n\n<p><a data-clock-pms-wbe-button class=\"button alert\"><span>RESERVE HOY MISMO SU ESTANCIA<\/span><\/a><\/p>\n\n\n\t\t<\/div>\n\t\t\t\t\t<\/div>\n\n\t\n\n<\/div>\n\n\t\t<\/div>\n\n\t\t\n<style>\n#section_1319174646 {\n  padding-top: 30px;\n  padding-bottom: 30px;\n}\n<\/style>\n\t<\/section>\n\t\n","protected":false},"excerpt":{"rendered":"","protected":false},"author":4,"featured_media":2090,"parent":0,"menu_order":0,"comment_status":"closed","ping_status":"closed","template":"page-blank.php","meta":{"footnotes":""},"class_list":["post-2171","page","type-page","status-publish","has-post-thumbnail","hentry"],"_links":{"self":[{"href":"https:\/\/kurabotanica.com\/es\/wp-json\/wp\/v2\/pages\/2171","targetHints":{"allow":["GET"]}}],"collection":[{"href":"https:\/\/kurabotanica.com\/es\/wp-json\/wp\/v2\/pages"}],"about":[{"href":"https:\/\/kurabotanica.com\/es\/wp-json\/wp\/v2\/types\/page"}],"author":[{"embeddable":true,"href":"https:\/\/kurabotanica.com\/es\/wp-json\/wp\/v2\/users\/4"}],"replies":[{"embeddable":true,"href":"https:\/\/kurabotanica.com\/es\/wp-json\/wp\/v2\/comments?post=2171"}],"version-history":[{"count":0,"href":"https:\/\/kurabotanica.com\/es\/wp-json\/wp\/v2\/pages\/2171\/revisions"}],"wp:featuredmedia":[{"embeddable":true,"href":"https:\/\/kurabotanica.com\/es\/wp-json\/wp\/v2\/media\/2090"}],"wp:attachment":[{"href":"https:\/\/kurabotanica.com\/es\/wp-json\/wp\/v2\/media?parent=2171"}],"curies":[{"name":"wp","href":"https:\/\/api.w.org\/{rel}","templated":true}]}}